{"id":8,"date":"2018-02-19T08:57:17","date_gmt":"2018-02-19T07:57:17","guid":{"rendered":"http:\/\/kancelaria-sokolowski.home.pl\/nowastrona\/?page_id=8"},"modified":"2018-02-19T13:17:15","modified_gmt":"2018-02-19T12:17:15","slug":"zakres-pomocy","status":"publish","type":"page","link":"https:\/\/www.kancelaria-sokolowski.com.pl\/index.php\/zakres-pomocy\/","title":{"rendered":"Zakres pomocy"},"content":{"rendered":"<div class=\"content\">\n<h4>\n<strong>Specjalizacje<\/strong><\/p>\n<p><em>Obs\u0142uga przedsi\u0119biorc\u00f3w:<\/em><br \/>\nKancelaria oferuje obs\u0142ug\u0119 prawn\u0105 dla firm i os\u00f3b prowadz\u0105cych indywidualn\u0105 dzia\u0142alno\u015b\u0107 gospodarcz\u0105. Katalog us\u0142ug Kancelarii obejmuje w szczeg\u00f3lno\u015bci:<br \/>\n<\/h4>\n<p><strong>Prawo sp\u00f3\u0142ek oraz Prawo sp\u00f3\u0142dzielcze<\/strong><\/p>\n<ul>\n<li>tworzenie sp\u00f3\u0142ek i sp\u00f3\u0142dzielni,<\/li>\n<li>\u0142\u0105czenie, podzia\u0142, przekszta\u0142canie sp\u00f3\u0142ek i sp\u00f3\u0142dzielni,<\/li>\n<li>wewn\u0119trzne akty sp\u00f3\u0142ek i sp\u00f3\u0142dzielni, np. przygotowywanie projekt\u00f3w uchwa\u0142 organ\u00f3w,<\/li>\n<li>stwierdzanie niewa\u017cno\u015bci i uchylenie uchwa\u0142 organ\u00f3w,<\/li>\n<li>umowy cywilnoprawne zwi\u0105zane z dzia\u0142alno\u015bci\u0105 sp\u00f3\u0142ek i sp\u00f3\u0142dzielni,<\/li>\n<li>badania sp\u00f3\u0142ek i sp\u00f3\u0142dzielni (audyt prawny),<\/li>\n<li>uzyskanie nr REGON i NIP.<\/li>\n<\/ul>\n<p><strong>Prawo gospodarcze i cywilne<\/strong><\/p>\n<ul>\n<li>umowy handlowe (np. umowa sprzeda\u017cy i dystrybucyjne),umowy ubezpieczenia,<\/li>\n<li>odszkodowania,<\/li>\n<li>prawo o zam\u00f3wieniach publicznych,<\/li>\n<li>og\u00f3lne warunki niezb\u0119dne do podj\u0119cia i prowadzenia dzia\u0142alno\u015bci gospodarczej,<\/li>\n<li>umowy leasingu, najmu, dzier\u017cawy,<\/li>\n<li>umowy kredytu, rachunku bankowego,<\/li>\n<li>umowy o roboty budowlane,<\/li>\n<li>prawne zabezpieczenia wierzytelno\u015bci,<\/li>\n<li>badania stanu prawnego nieruchomo\u015bci,<\/li>\n<li>prawo upad\u0142o\u015bciowe i naprawcze.<\/li>\n<\/ul>\n<p><strong>Prawo podatkowe<\/strong><\/p>\n<ul>\n<li>sporz\u0105dzanie opinii podatkowych,<\/li>\n<li>analiza um\u00f3w pod k\u0105tem konsekwencji fiskalno-podatkowych,<\/li>\n<li>przygotowywanie odwo\u0142a\u0144 od decyzji urz\u0119d\u00f3w skarbowych,<\/li>\n<li>reprezentowanie Klient\u00f3w we wszystkich etapach post\u0119powania podatkowego i s\u0105dowego.<\/li>\n<\/ul>\n<p><strong>Prawo administracyjne<\/strong><\/p>\n<ul>\n<li>koncesje, zezwolenia,<\/li>\n<li>zagadnienia prawa budowlanego,<\/li>\n<li>gospodarka nieruchomo\u015bciami,<\/li>\n<li>prawo telekomunikacyjne,<\/li>\n<li>\u201especustawy\u201d,<\/li>\n<li>prawo ochrony danych osobowych,<\/li>\n<li>informacje niejawne,<\/li>\n<li>prawo antymonopolowe,<\/li>\n<li>prawo zam\u00f3wie\u0144 publicznych.<\/li>\n<\/ul>\n<p><strong>Prawo pracy<\/strong><\/p>\n<ul>\n<li>reprezentowanie Klient\u00f3w we wszystkich etapach post\u0119powania s\u0105dowego,<\/li>\n<li>przygotowywanie regulamin\u00f3w dotycz\u0105cych stosunk\u00f3w pracy,<\/li>\n<li>przygotowywanie projekt\u00f3w um\u00f3w o prac\u0119, um\u00f3w o zakazie konkurencji i innych.<\/li>\n<\/ul>\n<p><strong>Prawo w\u0142asno\u015bci intelektualnej<\/strong><\/p>\n<ul>\n<li>ochrona w\u0142asno\u015bci intelektualnej i przemys\u0142owej,<\/li>\n<li>znaki towarowe,<\/li>\n<li>prawo autorskie,<\/li>\n<li>umowy licencyjne,<\/li>\n<li>ochrona przed nieuczciw\u0105 konkurencj\u0105.<\/li>\n<\/ul>\n<p><strong>Prawo karne<\/strong><\/p>\n<ul>\n<li>udzielanie porad prawnych,<\/li>\n<li>reprezentowanie przed s\u0105dami powszechnymi interes\u00f3w oskar\u017cycieli prywatnych oraz powod\u00f3w cywilnych,<\/li>\n<li>sporz\u0105dzanie i sk\u0142adanie pism\/wniosk\u00f3w procesowych.<\/li>\n<\/ul>\n<p><strong>Windykacja nale\u017cno\u015bci z um\u00f3w<\/strong><\/p>\n<ul>\n<li>negocjacje z d\u0142u\u017cnikiem w celu polubownego rozstrzygni\u0119cia sporu,<\/li>\n<li>skierowanie do d\u0142u\u017cnika pism wzywaj\u0105cych do dobrowolnej zap\u0142aty nale\u017cno\u015bci,<\/li>\n<li>wszcz\u0119cie oraz prowadzenie post\u0119powania s\u0105dowego,<\/li>\n<li>wszcz\u0119cie oraz monitorowanie przebiegu post\u0119powania egzekucyjnego i zabezpieczaj\u0105cego.<\/li>\n<\/ul>\n<hr \/>\n<p><strong>Uwaga:<br \/>\n<\/strong>Powy\u017csza informacja przedstawia zagadnienia, z kt\u00f3rymi najcz\u0119\u015bciej zwracaj\u0105 si\u0119 nasi Klienci. Przyjmujemy do prowadzenia tak\u017ce inne sprawy.<\/p>\n<hr \/>\n<h4><em>Obs\u0142uga os\u00f3b fizycznych:<\/em><br \/>\nPomoc prawna na rzecz\u00a0 klient\u00f3w indywidualnych, os\u00f3b fizycznych obejmuje udzielanie pisemnych i ustnych porad prawnych, sporz\u0105dzanie um\u00f3w, opinii prawnych i pism procesowych oraz reprezentowanie w sprawach\u00a0 z zakresu:<\/h4>\n<p><strong>Prawo cywilne:<\/strong><\/p>\n<ol>\n<li>o zap\u0142at\u0119;<\/li>\n<li>odszkodowanie i zado\u015b\u0107uczynienie;<\/li>\n<li>ochron\u0119 w\u0142asno\u015bci;<\/li>\n<li>zasiedzenie nieruchomo\u015bci;<\/li>\n<li>zobowi\u0105zania wynikaj\u0105ce z czynu niedozwolonego;<\/li>\n<li>bezpodstawne wzbogacenie;<\/li>\n<li>niewykonanie lub nienale\u017cyte wykonanie um\u00f3w;<\/li>\n<li>naruszenie d\u00f3br osobistych;<\/li>\n<li>post\u0119powanie egzekucyjne i zabezpieczaj\u0105ce.<\/li>\n<li>dochodzenia roszcze\u0144 os\u00f3b fizycznych z um\u00f3w ubezpieczeniowych:<\/li>\n<\/ol>\n<ul>\n<li>OC posiadaczy pojazd\u00f3w mechanicznych (wszelkie roszczenia os\u00f3b poszkodowanych w<br \/>\nwypadkach drogowych: zado\u015b\u0107uczynienia, odszkodowania, renty),<\/li>\n<li>auto-casco (uszkodzenia, kradzie\u017c),<\/li>\n<li>OC jednostek s\u0142u\u017cby zdrowia i lekarzy z tytu\u0142u prowadzonej dzia\u0142alno\u015bci (b\u0142\u0119dy w sztuce<br \/>\nlekarskiej, niedo\u0142o\u017cenie nale\u017cytej staranno\u015bci, wady organizacyjne, etc.),<\/li>\n<li>i innych.<\/li>\n<\/ul>\n<p><strong>Prawo rodzinne i opieku\u0144cze:<\/strong><\/p>\n<ol>\n<li>o rozw\u00f3d, separacj\u0119 i uniewa\u017cnienie ma\u0142\u017ce\u0144stwa;<\/li>\n<li>stwierdzenie istnienia lub nieistnienia ma\u0142\u017ce\u0144stwa;<\/li>\n<li>przysposobienie;<\/li>\n<li>pozbawienie, ograniczenie, zawieszenie lub przywr\u00f3cenie w\u0142adzy rodzicielskiej oraz<br \/>\nodebranie dziecka;<\/li>\n<li>ustalenie ojcostwa, zaprzeczenie ojcostwa, uniewa\u017cnienie uznania dziecka oraz<br \/>\nrozwi\u0105zanie przysposobienia;<\/li>\n<li>ubezw\u0142asnowolnienie;<\/li>\n<li>uznanie za zmar\u0142ego lub stwierdzenie zgonu oraz rozstrzygni\u0119cie co do akt\u00f3w stanu<br \/>\ncywilnego;<\/li>\n<li>rozstrzygni\u0119cie w istotnych sprawach rodziny lub co do zarz\u0105du maj\u0105tkiem wsp\u00f3lnym;<\/li>\n<li>zniesienie wsp\u00f3lno\u015bci maj\u0105tkowej mi\u0119dzy ma\u0142\u017conkami;<\/li>\n<li>podzia\u0142 maj\u0105tku wsp\u00f3lnego mi\u0119dzy ma\u0142\u017conkami;<\/li>\n<li>alimenty, nakazanie wyp\u0142acenia wynagrodzenia za prac\u0119 do r\u0105k drugiego ma\u0142\u017conka.<\/li>\n<\/ol>\n<p><strong>Prawo w\u0142asno\u015bci, inne prawa rzeczowych i prawo lokalowe:<\/strong><\/p>\n<ol>\n<li>o stwierdzenie zasiedzenia w\u0142asno\u015bci nieruchomo\u015bci;<\/li>\n<li>o rozgraniczenie;<\/li>\n<li>dotycz\u0105cych s\u0142u\u017cebno\u015bci;<\/li>\n<li>o naruszenie posiadania;<\/li>\n<li>o zniesienie wsp\u00f3\u0142w\u0142asno\u015bci;<\/li>\n<li>zwi\u0105zane z korzystaniem z rzeczy wsp\u00f3lnej lub z zarz\u0105dem rzecz\u0105 wsp\u00f3ln\u0105;<\/li>\n<li>o usuni\u0119cie niezgodno\u015bci mi\u0119dzy tre\u015bci\u0105 wpisu w ksi\u0119dze wieczystej a rzeczywistym stanem prawnym;<\/li>\n<li>opr\u00f3\u017cnienie lokalu mieszkalnego;<\/li>\n<li>wydanie nieruchomo\u015bci i opr\u00f3\u017cnienie lokalu u\u017cytkowego.<\/li>\n<\/ol>\n<p><strong>Prawo spadkowe:<\/strong><\/p>\n<ol>\n<li>o zabezpieczenie spadku, dokonanie spisu inwentarza, odrzucenie spadku, og\u0142oszenie testamentu i nakazanie jego z\u0142o\u017cenia, zarz\u0105d spadku nieobj\u0119tego i wyjawienie przedmiot\u00f3w spadkowych;<\/li>\n<li>o stwierdzenie nabycia spadku;<\/li>\n<li>o dzia\u0142 spadku.<\/li>\n<\/ol>\n<p><strong>Prawo\u00a0 pracy i ubezpiecze\u0144 spo\u0142ecznych:<\/strong><\/p>\n<ol>\n<li>nawi\u0105zanie umowy o prac\u0119, uznanie wypowiedzenia umowy o prac\u0119 za bezskuteczne,<br \/>\nprzywr\u00f3cenie do pracy lub ustalenie sposobu ustania stosunku pracy;<\/li>\n<li>wynagrodzenie za prac\u0119 lub odszkodowanie;<\/li>\n<li>ustalenie wypadku przy pracy;<\/li>\n<li>\u015bwiadczenie odszkodowawcze nale\u017cne z tytu\u0142u wypadku przy pracy lub choroby zawodowej;<\/li>\n<li>\u015bwiadczenia pieni\u0119\u017cne z ubezpieczenia spo\u0142ecznego i zaopatrzenia emerytalnego.<\/li>\n<\/ol>\n<hr \/>\n<p><strong>Uwaga:<\/strong><\/p>\n<p>Powy\u017csza informacja przedstawia zagadnienia, z kt\u00f3rymi najcz\u0119\u015bciej zwracaj\u0105 si\u0119 nasi Klienci. Przyjmujemy do prowadzenia tak\u017ce inne sprawy.<\/p>\n<\/div>\n","protected":false},"excerpt":{"rendered":"<p>Specjalizacje Obs\u0142uga przedsi\u0119biorc\u00f3w: Kancelaria oferuje obs\u0142ug\u0119 prawn\u0105 dla firm i os\u00f3b prowadz\u0105cych indywidualn\u0105 dzia\u0142alno\u015b\u0107 gospodarcz\u0105. Katalog us\u0142ug Kancelarii obejmuje w&hellip;<\/p>\n","protected":false},"author":1,"featured_media":106,"parent":0,"menu_order":0,"comment_status":"closed","ping_status":"closed","template":"","meta":[],"_links":{"self":[{"href":"https:\/\/www.kancelaria-sokolowski.com.pl\/index.php\/wp-json\/wp\/v2\/pages\/8"}],"collection":[{"href":"https:\/\/www.kancelaria-sokolowski.com.pl\/index.php\/wp-json\/wp\/v2\/pages"}],"about":[{"href":"https:\/\/www.kancelaria-sokolowski.com.pl\/index.php\/wp-json\/wp\/v2\/types\/page"}],"author":[{"embeddable":true,"href":"https:\/\/www.kancelaria-sokolowski.com.pl\/index.php\/wp-json\/wp\/v2\/users\/1"}],"replies":[{"embeddable":true,"href":"https:\/\/www.kancelaria-sokolowski.com.pl\/index.php\/wp-json\/wp\/v2\/comments?post=8"}],"version-history":[{"count":4,"href":"https:\/\/www.kancelaria-sokolowski.com.pl\/index.php\/wp-json\/wp\/v2\/pages\/8\/revisions"}],"predecessor-version":[{"id":107,"href":"https:\/\/www.kancelaria-sokolowski.com.pl\/index.php\/wp-json\/wp\/v2\/pages\/8\/revisions\/107"}],"wp:featuredmedia":[{"embeddable":true,"href":"https:\/\/www.kancelaria-sokolowski.com.pl\/index.php\/wp-json\/wp\/v2\/media\/106"}],"wp:attachment":[{"href":"https:\/\/www.kancelaria-sokolowski.com.pl\/index.php\/wp-json\/wp\/v2\/media?parent=8"}],"curies":[{"name":"wp","href":"https:\/\/api.w.org\/{rel}","templated":true}]}}