{"id":7,"date":"2018-02-19T08:57:17","date_gmt":"2018-02-19T07:57:17","guid":{"rendered":"http:\/\/kancelaria-sokolowski.home.pl\/nowastrona\/?page_id=7"},"modified":"2018-02-19T11:06:37","modified_gmt":"2018-02-19T10:06:37","slug":"strona-glowna","status":"publish","type":"page","link":"https:\/\/www.kancelaria-sokolowski.com.pl\/","title":{"rendered":"Strona g\u0142\u00f3wna"},"content":{"rendered":"<p>Misj\u0105 Kancelarii jest zapewnienie kompleksowej obs\u0142ugi przedsi\u0119biorstw poprzez osobiste zaanga\u017cowanie radcy prawnego Tomasza Soko\u0142owskiego poparte specjalistyczn\u0105 wiedz\u0105 oraz do\u015bwiadczeniem, a tak\u017ce poprzez wsp\u00f3\u0142prac\u0119 ze specjalistami w okre\u015blonych dziedzinach prawa, jak r\u00f3wnie\u017c innych dziedzinach zwi\u0105zanych z prowadzeniem przedsi\u0119biorstwa.<\/p>\n<p>Wieloletnie do\u015bwiadczenie radcy prawego Tomasza Soko\u0142owskiego jako cz\u0142onka Zarz\u0105du sp\u00f3\u0142ki kapita\u0142owej zapewni Pa\u0144stwu nie tylko wysoki poziom bezpiecze\u0144stwa prawnego ale przede wszystkim zapewni dostosowanie si\u0119 do potrzeb Pa\u0144stwa firmy poprzez znalezienie optymalnych rozwi\u0105za\u0144 zwi\u0105zanych z przenikaj\u0105cymi si\u0119 sferami prowadzenia dzia\u0142alno\u015bci gospodarczej: prawnej, podatkowej, gospodarczej, marketingowej czy HR.<\/p>\n<h3>Dlaczego my?<\/h3>\n<p>Obecnie przedsi\u0119biorca potrzebuje kreatywnej obs\u0142ugi prawnej, uzyskuj\u0105c nie tylko gotowe odpowiedzi na zaistnia\u0142e problemy prawne, ale r\u00f3wnie\u017c otrzymuj\u0105c bie\u017c\u0105ce informacje dotycz\u0105ce sposobu zarz\u0105dzania przedsi\u0119biorstwem, ze wskazaniem na mog\u0105ce si\u0119 pojawi\u0107 zagro\u017cenia czy niedogodno\u015bci. Kancelaria skupiaj\u0105c wok\u00f3\u0142 siebie specjalist\u00f3w sprosta tym wymaganiom.<\/p>\n<p>Misj\u0105 Kancelarii jest r\u00f3wnie\u017c szerzenie \u015bwiadomo\u015bci prawnej os\u00f3b fizycznych, zw\u0142aszcza w zakresie praw pacjenta. Misj\u0119 t\u0105 Kancelaria realizuje \u015bwiadcz\u0105c mi\u0119dzy innymi pomoc prawn\u0105 PRO BONO.<\/p>\n<p>Zapraszamy do wsp\u00f3\u0142pracy!<\/p>\n<p>&nbsp;<\/p>\n","protected":false},"excerpt":{"rendered":"<p>Misj\u0105 Kancelarii jest zapewnienie kompleksowej obs\u0142ugi przedsi\u0119biorstw poprzez osobiste zaanga\u017cowanie radcy prawnego Tomasza Soko\u0142owskiego poparte specjalistyczn\u0105 wiedz\u0105 oraz do\u015bwiadczeniem, a&hellip;<\/p>\n","protected":false},"author":1,"featured_media":45,"parent":0,"menu_order":0,"comment_status":"closed","ping_status":"closed","template":"","meta":[],"_links":{"self":[{"href":"https:\/\/www.kancelaria-sokolowski.com.pl\/index.php\/wp-json\/wp\/v2\/pages\/7"}],"collection":[{"href":"https:\/\/www.kancelaria-sokolowski.com.pl\/index.php\/wp-json\/wp\/v2\/pages"}],"about":[{"href":"https:\/\/www.kancelaria-sokolowski.com.pl\/index.php\/wp-json\/wp\/v2\/types\/page"}],"author":[{"embeddable":true,"href":"https:\/\/www.kancelaria-sokolowski.com.pl\/index.php\/wp-json\/wp\/v2\/users\/1"}],"replies":[{"embeddable":true,"href":"https:\/\/www.kancelaria-sokolowski.com.pl\/index.php\/wp-json\/wp\/v2\/comments?post=7"}],"version-history":[{"count":3,"href":"https:\/\/www.kancelaria-sokolowski.com.pl\/index.php\/wp-json\/wp\/v2\/pages\/7\/revisions"}],"predecessor-version":[{"id":64,"href":"https:\/\/www.kancelaria-sokolowski.com.pl\/index.php\/wp-json\/wp\/v2\/pages\/7\/revisions\/64"}],"wp:featuredmedia":[{"embeddable":true,"href":"https:\/\/www.kancelaria-sokolowski.com.pl\/index.php\/wp-json\/wp\/v2\/media\/45"}],"wp:attachment":[{"href":"https:\/\/www.kancelaria-sokolowski.com.pl\/index.php\/wp-json\/wp\/v2\/media?parent=7"}],"curies":[{"name":"wp","href":"https:\/\/api.w.org\/{rel}","templated":true}]}}