{"id":2,"date":"2018-02-19T08:52:40","date_gmt":"2018-02-19T07:52:40","guid":{"rendered":"http:\/\/kancelaria-sokolowski.home.pl\/nowastrona\/?page_id=2"},"modified":"2018-02-19T13:41:14","modified_gmt":"2018-02-19T12:41:14","slug":"wspolpraca","status":"publish","type":"page","link":"https:\/\/www.kancelaria-sokolowski.com.pl\/index.php\/wspolpraca\/","title":{"rendered":"Wsp\u00f3\u0142praca"},"content":{"rendered":"<div>Nasz zesp\u00f3\u0142 tworz\u0105 nie tylko do\u015bwiadczeni prawnicy, ale na bie\u017c\u0105co wsp\u00f3\u0142pracujemy r\u00f3wnie\u017c m.in. z:<\/div>\n<div>\n<ul>\n<li>bieg\u0142ymi rewidentami,<\/li>\n<li>ksi\u0119gowymi,<\/li>\n<li>syndykami,<\/li>\n<li>specjalistami od problematyki danych niejawnych,<\/li>\n<li>informatykami,<\/li>\n<li>programistami,<\/li>\n<li>t\u0142umaczami z j\u0119z. angielskiego, francuskiego, hiszpa\u0144skiego i w\u0142oskiego.<\/li>\n<\/ul>\n<p>tak by obs\u0142uga Pa\u0144stwa firmy by\u0142a nie tylko kompleksowa ale i profesjonalna.<\/p>\n<\/div>\n","protected":false},"excerpt":{"rendered":"<p>Nasz zesp\u00f3\u0142 tworz\u0105 nie tylko do\u015bwiadczeni prawnicy, ale na bie\u017c\u0105co wsp\u00f3\u0142pracujemy r\u00f3wnie\u017c m.in. z: bieg\u0142ymi rewidentami, ksi\u0119gowymi, syndykami, specjalistami od&hellip;<\/p>\n","protected":false},"author":1,"featured_media":0,"parent":0,"menu_order":0,"comment_status":"closed","ping_status":"open","template":"","meta":[],"_links":{"self":[{"href":"https:\/\/www.kancelaria-sokolowski.com.pl\/index.php\/wp-json\/wp\/v2\/pages\/2"}],"collection":[{"href":"https:\/\/www.kancelaria-sokolowski.com.pl\/index.php\/wp-json\/wp\/v2\/pages"}],"about":[{"href":"https:\/\/www.kancelaria-sokolowski.com.pl\/index.php\/wp-json\/wp\/v2\/types\/page"}],"author":[{"embeddable":true,"href":"https:\/\/www.kancelaria-sokolowski.com.pl\/index.php\/wp-json\/wp\/v2\/users\/1"}],"replies":[{"embeddable":true,"href":"https:\/\/www.kancelaria-sokolowski.com.pl\/index.php\/wp-json\/wp\/v2\/comments?post=2"}],"version-history":[{"count":2,"href":"https:\/\/www.kancelaria-sokolowski.com.pl\/index.php\/wp-json\/wp\/v2\/pages\/2\/revisions"}],"predecessor-version":[{"id":109,"href":"https:\/\/www.kancelaria-sokolowski.com.pl\/index.php\/wp-json\/wp\/v2\/pages\/2\/revisions\/109"}],"wp:attachment":[{"href":"https:\/\/www.kancelaria-sokolowski.com.pl\/index.php\/wp-json\/wp\/v2\/media?parent=2"}],"curies":[{"name":"wp","href":"https:\/\/api.w.org\/{rel}","templated":true}]}}