{"id":118,"date":"2018-02-20T08:26:55","date_gmt":"2018-02-20T07:26:55","guid":{"rendered":"http:\/\/kancelaria-sokolowski.home.pl\/nowastrona\/?page_id=118"},"modified":"2018-03-23T08:54:58","modified_gmt":"2018-03-23T07:54:58","slug":"rodo","status":"publish","type":"page","link":"https:\/\/www.kancelaria-sokolowski.com.pl\/index.php\/rodo\/","title":{"rendered":"RODO"},"content":{"rendered":"<p><span style=\"font-weight: 400;\">Misj\u0105 naszej kancelarii jest zapewnienie kompleksowej obs\u0142ugi przedsi\u0119biorstw i innych podmiot\u00f3w, w oparciu o specjalistyczn\u0105 wiedz\u0119 oraz do\u015bwiadczenie, a tak\u017ce poprzez wsp\u00f3\u0142prac\u0119 ze specjalistami w okre\u015blonych dziedzinach prawa, jak r\u00f3wnie\u017c innych dziedzinach zwi\u0105zanych z prowadzeniem przedsi\u0119biorstwa. Nasz zesp\u00f3\u0142 posiada 15-letnie do\u015bwiadczenie w prawie IT i nowych technologii, prawie w\u0142asno\u015bci przemys\u0142owej, prawie autorskim oraz stosowaniu ustawy o ochronie danych osobowych. Nasza wiedza oraz wieloletnia wsp\u00f3\u0142praca z do\u015bwiadczonymi audytorami, ABI i ASI pozwol\u0105 Pa\u0144stwu przej\u015b\u0107 bezpiecznie przez proces wdro\u017cenia RODO. W ramach oferty zapewniamy przeszkolenie Pa\u0144stwa pracownik\u00f3w, dokonamy audytu dotychczasowych procedur ochrony danych, przygotujemy niezb\u0119dn\u0105 dokumentacj\u0119 dostosowan\u0105 do Pa\u0144stwa potrzeb, przeprowadzimy kompleksow\u0105 analiz\u0119 ryzyka przetwarzania danych oraz zaproponujemy odpowiednie do poziomu ryzyka \u015brodki bezpiecze\u0144stwa.<\/span><\/p>\n<p><span style=\"font-weight: 400;\">W ramach wdro\u017cenia dokumentacji zgodnie z wymaganiami og\u00f3lnego rozporz\u0105dzenia o ochronie danych osobowych, tzw. RODO oferujemy m.in.<\/span><\/p>\n<p><strong>a) proces weryfikacyjny w zakresie:<\/strong><\/p>\n<ul>\n<li style=\"font-weight: 400;\"><span style=\"font-weight: 400;\">wdro\u017conych klauzul informacyjnych i zg\u00f3d<\/span><\/li>\n<li style=\"font-weight: 400;\"><span style=\"font-weight: 400;\">podlegania obowi\u0105zkowi prowadzenia rejestru czynno\u015bci przetwarzania<\/span><\/li>\n<li style=\"font-weight: 400;\"><span style=\"font-weight: 400;\">wdro\u017conych i stosowanych um\u00f3w powierzenia przetwarzania, <\/span><\/li>\n<li style=\"font-weight: 400;\"><span style=\"font-weight: 400;\">zaimplementowanych \u015brodk\u00f3w technicznych i organizacyjnych dla zapewnienia ochrony danych osobowych<\/span><\/li>\n<\/ul>\n<p><strong>b) rejestr czynno\u015bci: <\/strong><\/p>\n<ul>\n<li style=\"font-weight: 400;\"><span style=\"font-weight: 400;\">spis aktyw\u00f3w i aktyw\u00f3w wspieraj\u0105cych<\/span><\/li>\n<li style=\"font-weight: 400;\"><span style=\"font-weight: 400;\">okre\u015blenie w\u0142a\u015bcicieli aktyw\u00f3w<\/span><\/li>\n<li style=\"font-weight: 400;\"><span style=\"font-weight: 400;\">sporz\u0105dzenie formu\u0142 proces\u00f3w \u2013 analiza procesowa<\/span><\/li>\n<\/ul>\n<p><strong>c) analiza ryzyka:<\/strong><\/p>\n<ul>\n<li style=\"font-weight: 400;\"><span style=\"font-weight: 400;\">opis zabezpiecze\u0144, zagro\u017ce\u0144 i innych ogranicze\u0144<\/span><\/li>\n<li style=\"font-weight: 400;\"><span style=\"font-weight: 400;\">okre\u015blenie kryteri\u00f3w akceptacji ryzyka<\/span><\/li>\n<li style=\"font-weight: 400;\"><span style=\"font-weight: 400;\">opis mechanizm\u00f3w kontrolnych<\/span><\/li>\n<li style=\"font-weight: 400;\"><span style=\"font-weight: 400;\">opis szacowania ryzyka<\/span><\/li>\n<li style=\"font-weight: 400;\"><span style=\"font-weight: 400;\">analiza ryzyka zwi\u0105zana z bezpiecze\u0144stwem przetwarzania danych, zgodno\u015bci\u0105 z prawem, rzetelno\u015bci\u0105, z wp\u0142ywem przetwarzania na prywatno\u015b\u0107, zwi\u0105zana z <\/span><i><span style=\"font-weight: 400;\">Privacy by Design<\/span><\/i><span style=\"font-weight: 400;\">, zasad\u0105 ograniczonego celu<\/span><\/li>\n<li style=\"font-weight: 400;\"><span style=\"font-weight: 400;\">ocena skutk\u00f3w przetwarzania dla ochrony danych <\/span><\/li>\n<li style=\"font-weight: 400;\"><span style=\"font-weight: 400;\">opracowanie polityki zarz\u0105dzania naruszeniami oraz polityki zg\u0142aszania narusze\u0144<\/span><\/li>\n<li style=\"font-weight: 400;\"><span style=\"font-weight: 400;\">opracowanie wzor\u00f3w dokument\u00f3w informacyjnych, poucze\u0144 w zakresie prawa do informacji, dost\u0119pu do danych, przenoszenia danych i ograniczenia przetwarzania, <\/span><\/li>\n<\/ul>\n<p style=\"text-align: center;\"><button class=\"popmake-131\">WYPE\u0141NIJ FORMULARZ<\/button><\/p>\n","protected":false},"excerpt":{"rendered":"<p>Misj\u0105 naszej kancelarii jest zapewnienie kompleksowej obs\u0142ugi przedsi\u0119biorstw i innych podmiot\u00f3w, w oparciu o specjalistyczn\u0105 wiedz\u0119 oraz do\u015bwiadczenie, a tak\u017ce&hellip;<\/p>\n","protected":false},"author":1,"featured_media":0,"parent":0,"menu_order":0,"comment_status":"closed","ping_status":"closed","template":"","meta":[],"_links":{"self":[{"href":"https:\/\/www.kancelaria-sokolowski.com.pl\/index.php\/wp-json\/wp\/v2\/pages\/118"}],"collection":[{"href":"https:\/\/www.kancelaria-sokolowski.com.pl\/index.php\/wp-json\/wp\/v2\/pages"}],"about":[{"href":"https:\/\/www.kancelaria-sokolowski.com.pl\/index.php\/wp-json\/wp\/v2\/types\/page"}],"author":[{"embeddable":true,"href":"https:\/\/www.kancelaria-sokolowski.com.pl\/index.php\/wp-json\/wp\/v2\/users\/1"}],"replies":[{"embeddable":true,"href":"https:\/\/www.kancelaria-sokolowski.com.pl\/index.php\/wp-json\/wp\/v2\/comments?post=118"}],"version-history":[{"count":9,"href":"https:\/\/www.kancelaria-sokolowski.com.pl\/index.php\/wp-json\/wp\/v2\/pages\/118\/revisions"}],"predecessor-version":[{"id":149,"href":"https:\/\/www.kancelaria-sokolowski.com.pl\/index.php\/wp-json\/wp\/v2\/pages\/118\/revisions\/149"}],"wp:attachment":[{"href":"https:\/\/www.kancelaria-sokolowski.com.pl\/index.php\/wp-json\/wp\/v2\/media?parent=118"}],"curies":[{"name":"wp","href":"https:\/\/api.w.org\/{rel}","templated":true}]}}